{"id":965,"date":"2024-08-10T13:04:26","date_gmt":"2024-08-10T11:04:26","guid":{"rendered":"https:\/\/jeantestaniere.com\/?post_type=product&#038;p=965"},"modified":"2024-08-28T17:19:12","modified_gmt":"2024-08-28T15:19:12","slug":"messager-de-linvisible","status":"publish","type":"product","link":"https:\/\/jeantestaniere.com\/en\/product\/messager-de-linvisible\/","title":{"rendered":"Messager de l&rsquo;invisible  (d\u00e9dicac\u00e9 par l&rsquo;auteur)"},"content":{"rendered":"<p>Sortie Officielle le 19 Septembre. Recevez votre ouvrage d\u00e9dicac\u00e9 par l&rsquo;auteur d\u00e8s sa sortie officielle.<\/p>\n<!--themify_builder_content-->\n<div id=\"themify_builder_content-965\" data-postid=\"965\" class=\"themify_builder_content themify_builder_content-965 themify_builder tf_clear\">\n    <\/div>\n<!--\/themify_builder_content-->","protected":false},"excerpt":{"rendered":"<div class=\"frase-mkt\"><strong>\u00ab Quand je devine les \u00e9v\u00e9nements\u00a0ou que je dialogue avec les morts,\u00a0je ne fais pas de miracle. Je ne suis qu\u2019un passeur.\u00a0Je communique ce que le ciel me montre. \u00bb<\/strong><\/div>\n<div id=\"capsa-sinopsi\" class=\"sinopsi\"><span class=\"sencera\">Jean Testani\u00e8re raconte de fa\u00e7on plus personnelle son\u00a0exp\u00e9rience de vie hors norme, de l\u2019enfance diff\u00e9rente aux\u00a0rencontres les plus \u00e9mouvantes avec l\u2019au-del\u00e0. Il partage\u00a0quelques-uns des signes que le ciel lui donne et d\u00e9voile pour la\u00a0premi\u00e8re fois comment son histoire intime se m\u00eale \u00e0 la grande\u00a0Histoire.<\/span><\/div>\n<div><\/div>\n<div><span class=\"sencera\">Il annonce la plus belle des nouvelles : la mort n\u2019est qu\u2019une halte sur notre parcours. Les d\u00e9funts sont pr\u00e8s de nous \u2013 ils nous aiment, nous guident et nous \u00e9clairent de leur lumi\u00e8re lors de ce long voyage.<br \/>\nUn livre comme un passage de t\u00e9moin entre la terre et le ciel\u00a0pour communiquer une r\u00e9alit\u00e9 parfois cach\u00e9e, qui ne demande\u00a0qu\u2019\u00e0 donner vie au monde qui nous entoure.<\/span><\/div>","protected":false},"featured_media":106,"template":"","meta":{"_seopress_robots_primary_cat":"none","_seopress_titles_title":"","_seopress_titles_desc":"\"Quand je devine les \u00e9v\u00e9nements\u00a0ou que je dialogue avec les morts,\u00a0je ne fais pas de miracle. Je ne suis qu\u2019un passeur.\u00a0Je communique ce que le ciel me montre.\"","_seopress_robots_index":""},"product_cat":[17],"product_tag":[],"class_list":{"0":"post-965","1":"product","2":"type-product","3":"status-publish","4":"has-post-thumbnail","6":"product_cat-non-classe","7":"has-post-title","8":"has-post-date","9":"has-post-category","10":"has-post-tag","11":"has-post-comment","12":"has-post-author","13":"","15":"first","16":"instock","17":"taxable","18":"shipping-taxable","19":"purchasable","20":"product-type-simple"},"builder_content":"","_links":{"self":[{"href":"https:\/\/jeantestaniere.com\/en\/wp-json\/wp\/v2\/product\/965","targetHints":{"allow":["GET"]}}],"collection":[{"href":"https:\/\/jeantestaniere.com\/en\/wp-json\/wp\/v2\/product"}],"about":[{"href":"https:\/\/jeantestaniere.com\/en\/wp-json\/wp\/v2\/types\/product"}],"wp:featuredmedia":[{"embeddable":true,"href":"https:\/\/jeantestaniere.com\/en\/wp-json\/wp\/v2\/media\/106"}],"wp:attachment":[{"href":"https:\/\/jeantestaniere.com\/en\/wp-json\/wp\/v2\/media?parent=965"}],"wp:term":[{"taxonomy":"product_cat","embeddable":true,"href":"https:\/\/jeantestaniere.com\/en\/wp-json\/wp\/v2\/product_cat?post=965"},{"taxonomy":"product_tag","embeddable":true,"href":"https:\/\/jeantestaniere.com\/en\/wp-json\/wp\/v2\/product_tag?post=965"}],"curies":[{"name":"wp","href":"https:\/\/api.w.org\/{rel}","templated":true}]}}